{"id":359,"date":"2022-07-10T10:40:24","date_gmt":"2022-07-10T08:40:24","guid":{"rendered":"https:\/\/www.zap-mechanika.com.pl\/?page_id=359"},"modified":"2022-07-10T10:40:31","modified_gmt":"2022-07-10T08:40:31","slug":"rodo","status":"publish","type":"page","link":"https:\/\/www.zap-mechanika.com.pl\/pl\/rodo\/","title":{"rendered":"RODO"},"content":{"rendered":"[vc_row type=&#8221;in_container&#8221; full_screen_row_position=&#8221;middle&#8221; column_margin=&#8221;default&#8221; column_direction=&#8221;default&#8221; column_direction_tablet=&#8221;default&#8221; column_direction_phone=&#8221;default&#8221; scene_position=&#8221;center&#8221; text_color=&#8221;dark&#8221; text_align=&#8221;left&#8221; row_border_radius=&#8221;none&#8221; row_border_radius_applies=&#8221;bg&#8221; overflow=&#8221;visible&#8221; overlay_strength=&#8221;0.3&#8243; gradient_direction=&#8221;left_to_right&#8221; shape_divider_position=&#8221;bottom&#8221; bg_image_animation=&#8221;none&#8221;][vc_column column_padding=&#8221;no-extra-padding&#8221; column_padding_tablet=&#8221;inherit&#8221; column_padding_phone=&#8221;inherit&#8221; column_padding_position=&#8221;all&#8221; column_element_spacing=&#8221;default&#8221; background_color_opacity=&#8221;1&#8243; background_hover_color_opacity=&#8221;1&#8243; column_shadow=&#8221;none&#8221; column_border_radius=&#8221;none&#8221; column_link_target=&#8221;_self&#8221; column_position=&#8221;default&#8221; gradient_direction=&#8221;left_to_right&#8221; overlay_strength=&#8221;0.3&#8243; width=&#8221;1\/1&#8243; tablet_width_inherit=&#8221;default&#8221; tablet_text_alignment=&#8221;default&#8221; phone_text_alignment=&#8221;default&#8221; animation_type=&#8221;default&#8221; bg_image_animation=&#8221;none&#8221; border_type=&#8221;simple&#8221; column_border_width=&#8221;none&#8221; column_border_style=&#8221;solid&#8221;][vc_column_text]\n<h2>KLAUZULA INFORMACYJNA- RODO<\/h2>\n<p>Na podstawie art.13 ust. 1-2 rozporz\u0105dzenia Parlamentu Europejskiego i Rady (UE) 2016\/679 z<br \/>\n27.04.2016 r. w sprawie ochrony danych osobowych informujemy, \u017ce:<\/p>\n<p>1. Administratorem Pa\u0144stwa danych osobowych jest Przedsi\u0119biorstwo Produkcyjno- Us\u0142ugowe<br \/>\nZAP- Mechanika Sp. z o.o., ul. Krotoszy\u0144ska 35, 63-400 Ostr\u00f3w Wielkopolski.<br \/>\n2. Pa\u0144stwa dane osobowe b\u0119d\u0105 przetwarzane w zakresie niezb\u0119dnym do ochrony prawnie<br \/>\nuzasadnionych interes\u00f3w ZAP- Mechanika Sp. z o.o., czyli w celu:<br \/>\n&#8211; realizacji proces\u00f3w handlowych;<br \/>\n&#8211; realizacji produkt\u00f3w i us\u0142ug, przygotowania ofert;<br \/>\n&#8211; niezb\u0119dnym do zawarcia umowy w oparciu o Pa\u0144stwa zainteresowanie ofert\u0105;<br \/>\n&#8211; niezb\u0119dnym do wykonania umowy, kt\u00f3rej jeste\u015bcie Pa\u0144stwo stron\u0105;<br \/>\n&#8211; badania poziomu satysfakcji Klient\u00f3w i ustalania jako\u015bci obs\u0142ugi, a tak\u017ce poziomu<br \/>\nzadowolenia klient\u00f3w ze \u015bwiadczonych przez nas produkt\u00f3w i us\u0142ug;<br \/>\n&#8211; dochodzenia roszcze\u0144 i przypadku powierzenia danych firmie windykacyjnej, kt\u00f3re<br \/>\nnast\u0119puje na mocy umowy powierzenia przetwarzania oraz obrony przed roszczeniami<br \/>\n&#8211; obs\u0142ugi ksi\u0119gowej i \/lub kadrowej, us\u0142ug wsparcia IT oraz us\u0142ug, kt\u00f3re \u015bwiadcz\u0105 firmy<br \/>\nkurierskie i transportowe.<br \/>\n3. Podanie danych jest dobrowolne, ale niezb\u0119dne w celu \u015bwiadczenia us\u0142ug przez firm\u0119 ZAPMechanika Sp. z o.o.<br \/>\n4. Pa\u0144stwa dane b\u0119d\u0105 udost\u0119pniane osobom upowa\u017cnionym w zwi\u0105zku z wykonywaniem przez<br \/>\nnie obowi\u0105zk\u00f3w s\u0142u\u017cbowych. Zgodnie z obowi\u0105zuj\u0105cymi przepisami prawa Pa\u0144stwa dane<br \/>\nb\u0119dziemy tak\u017ce udost\u0119pnia\u0107 odpowiednim organom pa\u0144stwowym.<br \/>\n5. Maj\u0105 Pa\u0144stwo prawo dost\u0119pu do tre\u015bci swoich danych oraz prawo ich sprostowania,<br \/>\nusuni\u0119cia, ograniczenia przetwarzania, prawo do przenoszenia danych, prawo do cofni\u0119cia<br \/>\nzgody w dowolnym momencie bez wp\u0142ywu na zgodno\u015b\u0107 z prawem przetwarzania.<br \/>\n6. Przys\u0142uguje Pa\u0144stwu prawo do wniesienia sprzeciwu wobec przetwarzania Pa\u0144stwa danych<br \/>\nosobowych, na podstawie kt\u00f3rego przestaniemy przetwarza\u0107 Pa\u0144stwa dane w celach<br \/>\nokre\u015blonych w punkcie 2, z wy\u0142\u0105czeniem sytuacji gdy wyka\u017cemy, \u017ce w stosunku do Pa\u0144stwa<br \/>\ndanych przys\u0142uguj\u0105 nam prawnie uzasadnione podstawy, nadrz\u0119dne wobec Pa\u0144stwa<br \/>\ninteres\u00f3w, praw i wolno\u015bci, w szczeg\u00f3lno\u015bci w ramach naszego prawnie uzasadnionego<br \/>\ninteresu oraz gdy dane b\u0119d\u0105 niezb\u0119dne do ustalenia, dochodzenia lub obrony roszcze\u0144.<br \/>\n7. Decyzje dotycz\u0105ce Pa\u0144stwa danych osobowych nie b\u0119d\u0105 podejmowane w spos\u00f3b<br \/>\nzautomatyzowany.<br \/>\n8. Wszelkie zg\u0142oszenia oraz zapytania dotycz\u0105ce Pa\u0144stwa danych osobowych prosimy kierowa\u0107<br \/>\nna adres e-mail: rodo@zap-mechanika.pl.[\/vc_column_text][\/vc_column][\/vc_row]\n","protected":false},"excerpt":{"rendered":"<p>[vc_row type=&#8221;in_container&#8221; full_screen_row_position=&#8221;middle&#8221; column_margin=&#8221;default&#8221; column_direction=&#8221;default&#8221; column_direction_tablet=&#8221;default&#8221; column_direction_phone=&#8221;default&#8221; scene_position=&#8221;center&#8221; text_color=&#8221;dark&#8221; text_align=&#8221;left&#8221; row_border_radius=&#8221;none&#8221; row_border_radius_applies=&#8221;bg&#8221; overflow=&#8221;visible&#8221; overlay_strength=&#8221;0.3&#8243; gradient_direction=&#8221;left_to_right&#8221; shape_divider_position=&#8221;bottom&#8221; bg_image_animation=&#8221;none&#8221;][vc_column column_padding=&#8221;no-extra-padding&#8221; column_padding_tablet=&#8221;inherit&#8221; column_padding_phone=&#8221;inherit&#8221; column_padding_position=&#8221;all&#8221; column_element_spacing=&#8221;default&#8221; background_color_opacity=&#8221;1&#8243; background_hover_color_opacity=&#8221;1&#8243; column_shadow=&#8221;none&#8221; column_border_radius=&#8221;none&#8221; column_link_target=&#8221;_self&#8221; column_position=&#8221;default&#8221; gradient_direction=&#8221;left_to_right&#8221; overlay_strength=&#8221;0.3&#8243;&#8230;<\/p>\n","protected":false},"author":1,"featured_media":0,"parent":0,"menu_order":0,"comment_status":"closed","ping_status":"closed","template":"","meta":{"footnotes":""},"class_list":["post-359","page","type-page","status-publish"],"_links":{"self":[{"href":"https:\/\/www.zap-mechanika.com.pl\/pl\/wp-json\/wp\/v2\/pages\/359","targetHints":{"allow":["GET"]}}],"collection":[{"href":"https:\/\/www.zap-mechanika.com.pl\/pl\/wp-json\/wp\/v2\/pages"}],"about":[{"href":"https:\/\/www.zap-mechanika.com.pl\/pl\/wp-json\/wp\/v2\/types\/page"}],"author":[{"embeddable":true,"href":"https:\/\/www.zap-mechanika.com.pl\/pl\/wp-json\/wp\/v2\/users\/1"}],"replies":[{"embeddable":true,"href":"https:\/\/www.zap-mechanika.com.pl\/pl\/wp-json\/wp\/v2\/comments?post=359"}],"version-history":[{"count":1,"href":"https:\/\/www.zap-mechanika.com.pl\/pl\/wp-json\/wp\/v2\/pages\/359\/revisions"}],"predecessor-version":[{"id":362,"href":"https:\/\/www.zap-mechanika.com.pl\/pl\/wp-json\/wp\/v2\/pages\/359\/revisions\/362"}],"wp:attachment":[{"href":"https:\/\/www.zap-mechanika.com.pl\/pl\/wp-json\/wp\/v2\/media?parent=359"}],"curies":[{"name":"wp","href":"https:\/\/api.w.org\/{rel}","templated":true}]}}